{"id":8,"date":"2018-03-12T15:45:57","date_gmt":"2018-03-12T15:45:57","guid":{"rendered":"http:\/\/localhost\/CalsAvis\/?page_id=8"},"modified":"2021-01-18T15:30:33","modified_gmt":"2021-01-18T13:30:33","slug":"residencia-assistida-centre-de-dia","status":"publish","type":"page","link":"http:\/\/www.calsavis.cat\/index.php\/residencia-assistida-centre-de-dia\/","title":{"rendered":"Resid\u00e8ncia assistida\/centre de dia"},"content":{"rendered":"<div class=\"widget-wrapper widget-element free-text diy-resizable \">\n<div id=\"widget-id-77905\" class=\"widget-body \">\n<div class=\"freetextarea\">\n<h1><span style=\"color: #8c161d;\"><strong>Cals Avis &#8211; Resid\u00e8ncia Assistida &#8211; Centre de Dia l&#8217;Oreig<\/strong><\/span><\/h1>\n<\/div>\n<div class=\"clear\"><\/div>\n<\/div>\n<\/div>\n<div class=\"horizontal clearfix\">\n<div class=\"diy-splitter-inner clearfix\">\n<div class=\"vertical\">\n<div class=\"widget-wrapper widget-element free-text diy-resizable \">\n<div id=\"widget-id-134607\" class=\"widget-body \">\n<div class=\"freetextarea\">\n<p>\u200b<strong>Resid\u00e8ncia assistida<\/strong><\/p>\n<div class=\"freetextarea\"><img loading=\"lazy\" decoding=\"async\" class=\" wp-image-100 alignright\" src=\"http:\/\/www.calsavis.cat\/nova\/wp-content\/uploads\/2018\/03\/50183-Diapositiva-21-225x300.jpg\" alt=\"\" width=\"256\" height=\"341\" srcset=\"http:\/\/www.calsavis.cat\/wp-content\/uploads\/2018\/03\/50183-Diapositiva-21-225x300.jpg 225w, http:\/\/www.calsavis.cat\/wp-content\/uploads\/2018\/03\/50183-Diapositiva-21.jpg 768w\" sizes=\"auto, (max-width: 256px) 100vw, 256px\" \/><\/div>\n<div><strong>Tipologia i identificaci\u00f3 del servei\u00a0<\/strong><\/div>\n<div><\/div>\n<div>La resid\u00e8ncia assistida\u00a0<strong>Cals Avis<\/strong>\u00a0i\u00a0<strong>Centre de Dia L\u2019Oreig<\/strong>\u00a0\u00e9s un equipament privat d\u2019atenci\u00f3 especialitzada adre\u00e7at a la gent gran del municipi de\u00a0<strong>Torell\u00f3<\/strong>, de titularitat privada i que \u00e9s gestionat directament pel centre, d\u2019acord amb els estatuts de la fundaci\u00f3 d\u2019ancians de\u00a0<strong>Sant Feliu de Torell\u00f3<\/strong>.<\/div>\n<div><\/div>\n<div>El seu domicili queda fixat al poble de\u00a0<strong>Torell\u00f3<\/strong>, pujada de Rocaprevera, s\/n, prov\u00edncia de\u00a0<strong>Barcelona<\/strong>, amb tel\u00e8fon: 938 590 239,\u00a0<em>e-mail\u00a0<\/em><a href=\"mailto:calsavis@hotmail.com\" data-cke-saved-href=\"mailto:calsavis@hotmail.com\">calsavis@calsavis.cat\u00a0<\/a>i est\u00e0 registrat:<\/div>\n<div><\/div>\n<div>a) Com a\u00a0<strong>resid\u00e8ncia assistida<\/strong>, en data 02\/03\/2011, amb el n\u00fam. S00127 al Registre d\u2019Entitats, Serveis i Establiments Socials, amb una capacitat registral de 65 places.<\/div>\n<div><\/div>\n<div>b) Com a\u00a0<strong>centre de dia<\/strong>, en data 30\/01\/2009, amb el n\u00fam. S02097 al Registre d\u2019Entitats, Serveis i Establiments Socials, amb una capacitat registral de 55 places.<\/div>\n<div><\/div>\n<\/div>\n<\/div>\n<\/div>\n<\/div>\n<\/div>\n<\/div>\n<div class=\"widget-wrapper widget-element free-text diy-resizable \">\n<div id=\"widget-id-77906\" class=\"widget-body \">\n<div class=\"freetextarea\">\n<p><strong>Objectius generals<\/strong><\/p>\n<div>Les finalitats i objectius de la r<strong>esid\u00e8ncia assistida<\/strong>, sense \u00e0nim de lucre,\u00a0 es concreten d\u2019acord amb els seus estatuts, en promoure i fomentar la millora integral de la qualitat de vida de les persones, oferint un nivell de conviv\u00e8ncia, assist\u00e8ncia i acolliment principalment als m\u00e9s necessitats. On oferir un servei substitutori de la llar de les persones grans que lliurement han decidit accedir-hi, amb car\u00e0cter permanent, amb un nivell de viv\u00e8ncia i d\u2019acolliment que en conjunt signifiqui un nivell de vida adequat, i entorn compensatori de la llar, en el marc d\u2019un ambient residencial, adequat i adaptat a les necessitats d\u2019assist\u00e8ncia, i afavorir la recuperaci\u00f3 i el manteniment del m\u00e0xim grau d\u2019autonomia personal i social.<\/div>\n<div><\/div>\n<div>Els objectius generals del\u00a0<strong>centre de dia<\/strong>\u00a0consisteixen en donar suport a les\u00a0<strong>persones grans<\/strong>\u00a0que necessiten organitzaci\u00f3, supervisi\u00f3 i assist\u00e8ncia en les activitats de la vida di\u00e0ria i complementen l\u2019atenci\u00f3 pr\u00f2pia de l\u2019entorn familiar.<\/div>\n<div><\/div>\n<div>Aquest servei t\u00e9 per objectiu afavorir la recuperaci\u00f3 i el manteniment de l\u2019autonomia personal i social, mantenir a la persona en el seu entorn personal i familiar en les millors condicions,\u00a0 proporcionar suport a les fam\u00edlies en l\u2019atenci\u00f3 a les persones grans dependents i, facilitar un entorn compensatori a la llar durant les hores en qu\u00e8 es presta el servei, adequat i adaptat a les necessitats d\u2019assist\u00e8ncia dels usuaris.<\/div>\n<div><\/div>\n<div><strong>Serveis i activitats<\/strong><\/div>\n<div><\/div>\n<div><strong>Els serveis m\u00ednims que presta la resid\u00e8ncia i el servei de centre de dia s\u00f3n:<\/strong><\/div>\n<div><\/div>\n<ul>\n<li>Allotjament.<\/li>\n<li>Acolliment i conviv\u00e8ncia.<\/li>\n<li>Manutenci\u00f3 \/ alimentaci\u00f3.<\/li>\n<li>Higiene personal.<\/li>\n<li>Atenci\u00f3 personal en les activitats de la vida di\u00e0ria.<\/li>\n<li>Atenci\u00f3 personal en els h\u00e0bits d\u2019autonomia.<\/li>\n<li>Prevenci\u00f3 i manteniment de les funcions f\u00edsiques i cognitives.<\/li>\n<li>Seguiment i prevenci\u00f3 de les alteracions de la salut.<\/li>\n<li>Dinamitzaci\u00f3 sociocultural.<\/li>\n<li>Bugaderia i rep\u00e0s de la roba de les persones i del centre.<\/li>\n<li>Atenci\u00f3 familiar adre\u00e7ada a l\u2019afavoriment de les relacions amb la fam\u00edlia i l\u2019entorn.<\/li>\n<li>Garantir l\u2019assist\u00e8ncia sanit\u00e0ria.<\/li>\n<\/ul>\n<div><strong>Un equip de professionals dedica el seu temps i el seu talent a un servei proper i de qualitat. Comptem amb:<\/strong><\/div>\n<div><\/div>\n<ul>\n<li>Treballadora social.<\/li>\n<li>Psic\u00f2loga.<\/li>\n<li>Fisioterapeuta.<\/li>\n<li>Terapeuta ocupacional.<\/li>\n<li>Higi\u00e8nicosanit\u00e0ria.<\/li>\n<li>Infermeria.<\/li>\n<li>Animadora sociocultural.<\/li>\n<li>Servei m\u00e8dic els mateixos del CAP.<\/li>\n<li>Servei propi de cuina, neteja, bugaderia i la resta de personal.<\/li>\n<\/ul>\n<div><\/div>\n<div>Combina treball i calidesa amb experi\u00e8ncia i efic\u00e0cia.<\/div>\n<div>Tot l\u2019equip t\u00e9 una mateixa visi\u00f3 de la persona.<\/div>\n<div>Tot l\u2019equip ha de parlar un mateix llenguatge.<\/div>\n<div><\/div>\n<div><strong>Volem crear una conviv\u00e8ncia que desitgem per a tothom:<\/strong><\/div>\n<div><\/div>\n<ul>\n<li>Unes relacions humanes basades en l\u2019estima, la comprensi\u00f3 i l\u2019ajuda m\u00fatua.<\/li>\n<li>Unes condicions de vida sanes, esperan\u00e7ades i serenes.<\/li>\n<li>Una espiritualitat capa\u00e7 d\u2019omplir les aspiracions humanes.<\/li>\n<li>Una professionalitat que infongui seguretat i dignitat.<\/li>\n<\/ul>\n<div><\/div>\n<div>Volem que el treball en equip, l\u2019harmonia i l\u2019amor entre nosaltres: sigui un focus d\u2019il\u2022lusi\u00f3 i d\u2019esperan\u00e7a, sigui un est\u00edmul perqu\u00e8 tothom gaudeixi de la pau i el benestar tan necess\u00e0ries.<\/div>\n<div>El proc\u00e9s de cuidar \u00e9s una experi\u00e8ncia plena de sentiments contradictoris, a banda ens treu for\u00e7a i recursos i a la llarga ens crear\u00e0 despr\u00e9s de cert temps m\u00e9s impot\u00e8ncia.<\/div>\n<div><\/div>\n<div>La persona cuidada i els cuidadors comparteixen un dol afectiu i emocional, que s&#8217;acumula a nivell cuidem, comparteixen all\u00f2 que senten.<\/div>\n<div><\/div>\n<div>Els cuidadors han de seguir en all\u00f2 que implica p\u00e8rdues individuals que progressen amb el contacte amb els amics, amb les persones que aprecien, que sovint comporten un deixar de fer all\u00f2, que voldrien en un cap de setmana i en altres moments, cal donar i intentem i li donen suport.<\/div>\n<div><\/div>\n<div>Per\u00f2 tamb\u00e9 necessita relacionar-se\u00a0 amb persones com les fam\u00edlies, que puguin entendre la seva situaci\u00f3 per a sostenir-se i aix\u00ed poder sostenir l&#8217;altre.<\/div>\n<div><\/div>\n<div>Una altra de les tasques \u00e9s orientar cap a una atenci\u00f3 integral en tots els \u00e0mbits; assessorar i ajudar les fam\u00edlies a suportar l\u2019impacta que comporta la vellesa; assessorar i informar en q\u00fcestions legals, econ\u00f2miques o d&#8217;assist\u00e8ncia social.<\/div>\n<div><\/div>\n<div>A m\u00e9s, es pret\u00e9n a trav\u00e9s de les reunions,\u00a0 informar i sensibilitzar la societat, i representar davant de l&#8217;Administraci\u00f3 els interessos de la gent gran i de les seves fam\u00edlies. Perqu\u00e8 una de les coses fonamentals en un poble, en una societat, \u00e9s mantenir la cohesi\u00f3 social, llavors \u00e9s b\u00e0sic vetllar per la gent que no pot seguir tan b\u00e9 com l\u2019altra gent.<\/div>\n<div><\/div>\n<p>Una de les bases de l\u2019administraci\u00f3 \u00e9s la igualtat d\u2019oportunitats\u00a0 i no nom\u00e9s en la vessant econ\u00f2mica sin\u00f3 en la social i en tots el \u00e0mbits.<\/p>\n<\/div>\n<\/div>\n<\/div>\n<p><img loading=\"lazy\" decoding=\"async\" class=\"aligncenter wp-image-101\" src=\"http:\/\/www.calsavis.cat\/nova\/wp-content\/uploads\/2018\/03\/35023-Cals-Avis-Residencia-Assistida.png\" alt=\"\" width=\"1000\" height=\"433\" srcset=\"http:\/\/www.calsavis.cat\/wp-content\/uploads\/2018\/03\/35023-Cals-Avis-Residencia-Assistida.png 1192w, http:\/\/www.calsavis.cat\/wp-content\/uploads\/2018\/03\/35023-Cals-Avis-Residencia-Assistida-300x130.png 300w, http:\/\/www.calsavis.cat\/wp-content\/uploads\/2018\/03\/35023-Cals-Avis-Residencia-Assistida-768x332.png 768w, http:\/\/www.calsavis.cat\/wp-content\/uploads\/2018\/03\/35023-Cals-Avis-Residencia-Assistida-1024x443.png 1024w\" sizes=\"auto, (max-width: 1000px) 100vw, 1000px\" \/><\/p>\n","protected":false},"excerpt":{"rendered":"<p>Cals Avis &#8211; Resid\u00e8ncia Assistida &#8211; Centre de Dia l&#8217;Oreig \u200bResid\u00e8ncia assistida Tipologia i identificaci\u00f3 del servei\u00a0 La resid\u00e8ncia assistida\u00a0Cals Avis\u00a0i\u00a0Centre de Dia L\u2019Oreig\u00a0\u00e9s un equipament privat d\u2019atenci\u00f3 especialitzada adre\u00e7at&hellip;<\/p>\n","protected":false},"author":1,"featured_media":0,"parent":0,"menu_order":0,"comment_status":"closed","ping_status":"closed","template":"template-fullwidth.php","meta":{"footnotes":""},"class_list":["post-8","page","type-page","status-publish","hentry","no-post-thumbnail"],"_links":{"self":[{"href":"http:\/\/www.calsavis.cat\/index.php\/wp-json\/wp\/v2\/pages\/8","targetHints":{"allow":["GET"]}}],"collection":[{"href":"http:\/\/www.calsavis.cat\/index.php\/wp-json\/wp\/v2\/pages"}],"about":[{"href":"http:\/\/www.calsavis.cat\/index.php\/wp-json\/wp\/v2\/types\/page"}],"author":[{"embeddable":true,"href":"http:\/\/www.calsavis.cat\/index.php\/wp-json\/wp\/v2\/users\/1"}],"replies":[{"embeddable":true,"href":"http:\/\/www.calsavis.cat\/index.php\/wp-json\/wp\/v2\/comments?post=8"}],"version-history":[{"count":25,"href":"http:\/\/www.calsavis.cat\/index.php\/wp-json\/wp\/v2\/pages\/8\/revisions"}],"predecessor-version":[{"id":1576,"href":"http:\/\/www.calsavis.cat\/index.php\/wp-json\/wp\/v2\/pages\/8\/revisions\/1576"}],"wp:attachment":[{"href":"http:\/\/www.calsavis.cat\/index.php\/wp-json\/wp\/v2\/media?parent=8"}],"curies":[{"name":"wp","href":"https:\/\/api.w.org\/{rel}","templated":true}]}}