{"id":46,"date":"2018-03-26T15:54:16","date_gmt":"2018-03-26T15:54:16","guid":{"rendered":"http:\/\/localhost\/CalsAvis\/?page_id=46"},"modified":"2025-01-14T10:40:19","modified_gmt":"2025-01-14T08:40:19","slug":"memoria","status":"publish","type":"page","link":"http:\/\/www.calsavis.cat\/index.php\/memoria\/","title":{"rendered":"Mem\u00f2ria, estatuts, carta de serveis"},"content":{"rendered":"\n<div class=\"wp-block-columns are-vertically-aligned-center is-layout-flex wp-container-core-columns-is-layout-9d6595d7 wp-block-columns-is-layout-flex\">\n<div class=\"wp-block-column is-vertically-aligned-center is-layout-flow wp-block-column-is-layout-flow\" style=\"flex-basis:100%\">\n<div class=\"wp-block-columns is-layout-flex wp-container-core-columns-is-layout-9d6595d7 wp-block-columns-is-layout-flex\">\n<div class=\"wp-block-column is-layout-flow wp-block-column-is-layout-flow\" style=\"flex-basis:100%\">\n<div class=\"wp-block-file\"><a id=\"wp-block-file--media-2482d821-6ead-4ee9-8d55-28759431f9a0\" href=\"http:\/\/www.calsavis.cat\/wp-content\/uploads\/2023\/07\/Auditoria-2022.pdf\">Auditoria-2022<\/a><a href=\"http:\/\/www.calsavis.cat\/wp-content\/uploads\/2023\/07\/Auditoria-2022.pdf\" class=\"wp-block-file__button wp-element-button\" download aria-describedby=\"wp-block-file--media-2482d821-6ead-4ee9-8d55-28759431f9a0\">Baixa<\/a><\/div>\n<\/div>\n<\/div>\n\n\n\n<div class=\"wp-block-file\"><a id=\"wp-block-file--media-c59a60df-5d4a-4001-b350-91b80e964346\" href=\"http:\/\/www.calsavis.cat\/wp-content\/uploads\/2023\/07\/Memoria-2022.pdf\">Memoria 2022<\/a><a href=\"http:\/\/www.calsavis.cat\/wp-content\/uploads\/2023\/07\/Memoria-2022.pdf\" class=\"wp-block-file__button wp-element-button\" download aria-describedby=\"wp-block-file--media-c59a60df-5d4a-4001-b350-91b80e964346\">Baixa<\/a><\/div>\n<\/div>\n<\/div>\n\n\n\n<div class=\"wp-block-file\"><a id=\"wp-block-file--media-0ec90735-212c-4def-9786-351364bf703b\" href=\"https:\/\/www.calsavis.cat\/wp-content\/uploads\/2022\/10\/MEMORIA-2021.pdf\">MEMORIA-2021<\/a><a href=\"https:\/\/www.calsavis.cat\/wp-content\/uploads\/2022\/10\/MEMORIA-2021.pdf\" class=\"wp-block-file__button wp-element-button\" download aria-describedby=\"wp-block-file--media-0ec90735-212c-4def-9786-351364bf703b\">Baixa<\/a><\/div>\n\n\n\n<div class=\"wp-block-file\"><a id=\"wp-block-file--media-cc5a4852-7e85-4333-8b9b-e9b9d3590b1f\" href=\"https:\/\/www.calsavis.cat\/wp-content\/uploads\/2022\/10\/Auditoria-economica-2021.pdf\">Auditoria-economica-2021<\/a><a href=\"https:\/\/www.calsavis.cat\/wp-content\/uploads\/2022\/10\/Auditoria-economica-2021.pdf\" class=\"wp-block-file__button wp-element-button\" download aria-describedby=\"wp-block-file--media-cc5a4852-7e85-4333-8b9b-e9b9d3590b1f\">Baixa<\/a><\/div>\n\n\n\n<div class=\"wp-block-file\"><a id=\"wp-block-file--media-90bfa8ec-53fe-4222-a486-56f07f59295b\" href=\"http:\/\/www.calsavis.cat\/wp-content\/uploads\/2021\/07\/Memoria-2020-1.pdf\">Memoria-2020-1<\/a><a href=\"http:\/\/www.calsavis.cat\/wp-content\/uploads\/2021\/07\/Memoria-2020-1.pdf\" class=\"wp-block-file__button wp-element-button\" download aria-describedby=\"wp-block-file--media-90bfa8ec-53fe-4222-a486-56f07f59295b\">Baixa<\/a><\/div>\n\n\n\n<div class=\"wp-block-file\"><a id=\"wp-block-file--media-31f7b5b2-3f6a-4621-b496-555566396155\" href=\"http:\/\/www.calsavis.cat\/wp-content\/uploads\/2021\/07\/AUDITORIA-2020.pdf\">AUDITORIA-2020<\/a><a href=\"http:\/\/www.calsavis.cat\/wp-content\/uploads\/2021\/07\/AUDITORIA-2020.pdf\" class=\"wp-block-file__button wp-element-button\" download aria-describedby=\"wp-block-file--media-31f7b5b2-3f6a-4621-b496-555566396155\">Baixa<\/a><\/div>\n\n\n<div>&nbsp;<\/div>\n<div class=\"files-widget-icon\"><a href=\"http:\/\/www.calsavis.cat\/wp-content\/uploads\/2020\/03\/ENQUESTES-DE-SATISFACCI\u00d3-2019-FAM\u00cdLIES-presentaci\u00f3-BLOG.pdf\">ENQUESTES DE SATISFACCI\u00d3 2019 FAM\u00cdLIES presentaci\u00f3 BLOG<\/a><\/div>\n<div>&nbsp;<\/div>\n<div class=\"files-widget-icon\"><a href=\"http:\/\/www.calsavis.cat\/wp-content\/uploads\/2019\/06\/ENQUESTES-DE-SATISFACCI\u00d3-2019-PERSONAL-DEL-CENTRE-blog.pdf\">RESULTATS ENQUESTES DE SATISFACCI\u00d3 2019 PERSONAL DEL CENTRE <\/a><\/div>\n<div>&nbsp;<\/div>\n<div class=\"files-widget-icon\"><a href=\"http:\/\/www.calsavis.cat\/wp-content\/uploads\/2019\/06\/Mem\u00f2ria-2018.pdf\">Mem\u00f2ria 2018<\/a><\/div>\n<div>&nbsp;<\/div>\n<div class=\"files-widget-icon\"><a href=\"http:\/\/www.calsavis.cat\/wp-content\/uploads\/2019\/06\/AUDITORIA-I-COMPTES-ANUALS-2018.pdf\">AUDITORIA I COMPTES ANUALS 2018<\/a><\/div>\n<div class=\"files-widget-icon\">\n<p><a href=\"http:\/\/www.calsavis.cat\/wp-content\/uploads\/2018\/11\/Memoria-Direcci\u00f3-2017.pdf\">Memoria Direcci\u00f3 2017<\/a><\/p>\n<\/div>\n<div><a href=\"http:\/\/www.calsavis.cat\/wp-content\/uploads\/2018\/11\/AUDITORIA-2017.pdf\">AUDITORIA 2017<\/a><\/div>\n<div>&nbsp;<\/div>\n<div><a href=\"http:\/\/www.calsavis.cat\/wp-content\/uploads\/2018\/11\/ESTATUTS-FUNDACI\u00d3-2013.pdf\">ESTATUTS FUNDACI\u00d3 2013<\/a><\/div>\n<div>&nbsp;<\/div>\n<div>&nbsp;<\/div>","protected":false},"excerpt":{"rendered":"<p>&nbsp; ENQUESTES DE SATISFACCI\u00d3 2019 FAM\u00cdLIES presentaci\u00f3 BLOG &nbsp; RESULTATS ENQUESTES DE SATISFACCI\u00d3 2019 PERSONAL DEL CENTRE &nbsp; Mem\u00f2ria 2018 &nbsp; AUDITORIA I COMPTES ANUALS 2018 Memoria Direcci\u00f3 2017 AUDITORIA&hellip;<\/p>\n","protected":false},"author":1,"featured_media":0,"parent":0,"menu_order":0,"comment_status":"closed","ping_status":"closed","template":"template-fullwidth.php","meta":{"footnotes":""},"class_list":["post-46","page","type-page","status-publish","hentry","no-post-thumbnail"],"_links":{"self":[{"href":"http:\/\/www.calsavis.cat\/index.php\/wp-json\/wp\/v2\/pages\/46","targetHints":{"allow":["GET"]}}],"collection":[{"href":"http:\/\/www.calsavis.cat\/index.php\/wp-json\/wp\/v2\/pages"}],"about":[{"href":"http:\/\/www.calsavis.cat\/index.php\/wp-json\/wp\/v2\/types\/page"}],"author":[{"embeddable":true,"href":"http:\/\/www.calsavis.cat\/index.php\/wp-json\/wp\/v2\/users\/1"}],"replies":[{"embeddable":true,"href":"http:\/\/www.calsavis.cat\/index.php\/wp-json\/wp\/v2\/comments?post=46"}],"version-history":[{"count":28,"href":"http:\/\/www.calsavis.cat\/index.php\/wp-json\/wp\/v2\/pages\/46\/revisions"}],"predecessor-version":[{"id":2087,"href":"http:\/\/www.calsavis.cat\/index.php\/wp-json\/wp\/v2\/pages\/46\/revisions\/2087"}],"wp:attachment":[{"href":"http:\/\/www.calsavis.cat\/index.php\/wp-json\/wp\/v2\/media?parent=46"}],"curies":[{"name":"wp","href":"https:\/\/api.w.org\/{rel}","templated":true}]}}