{"id":360,"date":"2018-04-10T14:26:17","date_gmt":"2018-04-10T14:26:17","guid":{"rendered":"http:\/\/www.calsavis.cat\/nova\/?page_id=360"},"modified":"2025-09-25T08:20:00","modified_gmt":"2025-09-25T06:20:00","slug":"politica-de-privacitat","status":"publish","type":"page","link":"http:\/\/www.calsavis.cat\/index.php\/politica-de-privacitat\/","title":{"rendered":"Pol\u00edtica de privacitat"},"content":{"rendered":"<p>Data d&#8217;\u00faltima actualitzaci\u00f3 24 de setembre de 2025.<\/p>\n<p><strong>1. RESPONSABLE DEL TRACTAMENT<\/strong><\/p>\n<p>La present pol\u00edtica de privacitat regula el tractament de dades personals que es realitza per:<br \/>\nFUNDACI\u00d3 D&#8217;ANCIANS DE SANT FELIU DE TORELL\u00d3 (en endevant, &#8220;CALS AVIS&#8221;).<br \/>\n<strong>Domicili:<\/strong> Pujada de Rocaprevera, s\/n, (08570) Torell\u00f3, Barcelona<br \/>\nNIF: G08437261<br \/>\n<strong>Tel\u00e9fon:<\/strong> 938590239<br \/>\n<strong>Correu electr\u00f2nic:<\/strong> calsavis@calsavis.cat.<br \/>\nCALS AVIS es reserva el dret de modificar la present pol\u00edtica de privacitat d&#8217;acord amb el seu propi criteri o motivat per un canvi legal,\u00a0 jurisprudencial, o doctrinal de les autoritats de control competents. L&#8217;\u00fas de la p\u00e0gina web despr\u00e9s dels canvis implicar\u00e0 l&#8217;acceptaci\u00f3 dels mateixos.<br \/>\nLa p\u00e0gina web pot contenir enlla\u00e7os a p\u00e0gines externes. CALS AVIS no assumeix cap responsabilitat sobre els continguts ni sobre qualsevol altre aspecte relacionot amb aquestes p\u00e0gines o llocs web externs.<\/p>\n<p><strong>2. DADES PERSONALS<\/strong><\/p>\n<p>CALS AVIS recollira exclusivament les dades personals adequades, pertinents i limitades al que sigui necessari en relaci\u00f3 amb les finalitats per a les quals s\u00f3n tractades, segons corresponguin en cada cas.<br \/>\nL&#8217;usuari garanteix l&#8217;autenticitat de les dades comunicades i sera l&#8217;\u00fanic responsable de qualsevol manifestaci\u00f3 falsa o inexacta.<\/p>\n<p><strong>3. FINALITATS DEL TRACTAMENT<\/strong><\/p>\n<p>Les dades personals es tractaran pel responsable del tractament per a les finalitats seg\u00fcents, segons correspongui en cada cas:<\/p>\n<ul>\n<li>Consulta i, en el seu cas, investigaci\u00f3 i resposta dels missatges rebuts.<\/li>\n<li>Respondre les persones que s&#8217;han posat en contacte amb CALS A VIS amb l&#8217;inter\u00e9s potencial per esdevenir usuaris o proveidors de CALS AVIS.<\/li>\n<li>Gesti\u00f3 comercial i administrativa propia de la relaci\u00f3 contractual existent amb els seus usuaris i proveidors, que inclour\u00e1 l&#8217;emissi\u00f3 i gesti\u00f3 de pressupostos, comandes i d&#8217;altre documentaci\u00f3 contractual, aixi com l&#8217;emissi\u00f3 i el control de cobrament i pagament de les factures.<\/li>\n<li>Manteniment de la relaci\u00f3 contractual amb l&#8217;interessat o b\u00e9 amb l&#8217;empresa o organitzaci\u00f3 en la qu\u00e9 treballa o col\u00b7labora.<\/li>\n<li>Revisi\u00f3 i valoraci\u00f3 de la informaci\u00f3 i\/o documentaci\u00f3 proporcionada amb l&#8217;objectiu de participar en un proc\u00e9s de selecci\u00f3. En cas que fos d&#8217;inter\u00e9s de CALS AVIS, es posar\u00e1 en contacte amb l&#8217;interessat amb la intenci\u00f3 de valorar la seva candidatura. El curr\u00edculum es podra conservar durant un per\u00edode d&#8217; 1 any des de la seva recepci\u00f3 amb aquesta finalitat.<\/li>\n<li>Prevenci\u00f3, detecci\u00f3 i control d&#8217;abusos i fraus comesos a la p\u00e0gina web o a trav\u00e9s de la mateixa.<\/li>\n<li>Gesti\u00f3 del compliment de les obligacions legalment estipulades.<\/li>\n<\/ul>\n<p><strong>4. LEGITIMACI\u00d3 DEL TRACTAMENT<\/strong><\/p>\n<p>La base jur\u00eddica del tractament de les dades personals ser\u00e0 el compliment d&#8217;una obligoci\u00f3 legal, en cas d&#8217;haver estat prestat per les finalitats seg\u00fcents:<\/p>\n<ul>\n<li>Consulta i, en el seu cas, investigaci\u00f3 i resposta dels missatges rebuts.<\/li>\n<li>Gesti\u00f3 administrativa propia de la relaci\u00f3 contractual existent amb els seus usuaris. que incloura l&#8217;emissi\u00f3 de les factures.<\/li>\n<li>Gesti\u00f3 del compliment de les obligacions legalment estipulades.<\/li>\n<\/ul>\n<p>El tractament de les dades personals segons les finalitats esmentades \u00e9s necessari perqu\u00e9 CALS AVIS pugui complir amb les obligacions que li imposa la legislaci\u00f3 aplicable.<br \/>\nPer altra banda, la base jur\u00eddica del tractament de les dades personals sera l&#8217;aplicaci\u00f3 de les mesures pre-contractuals sol\u00b7licitades, la intenci\u00f3 de l&#8217;interessat de subscriure un contracte amb el responsable del tractament o b\u00e9 l&#8217;execuci\u00f3 del contracte, en cas d&#8217;haver estat prestat per les finalitats seg\u00fcents:<\/p>\n<ul>\n<li>Respondre les persones que s&#8217;han posat en contacte amb CALS AVIS amb l&#8217;inter\u00e9s potencial per esdevenir usuaris o proveidors de CALS AVIS.<\/li>\n<li>Gesti\u00f3 comercial i administrativa propia de la relaci\u00f3 contractual existent amb els seus usuaris, que incloura l&#8217;emissi\u00f3 i gesti\u00f3 de pressupostos i d&#8217;altre documentaci\u00f3 contractual, aix\u00ed com el control de cobrament de les factures.<\/li>\n<li>Gesti\u00f3 comercial i administrativa propia de la relaci\u00f3 contractual existent amb els seus proveidors, que incloura la gesti\u00f3 de pressupostos, comandes i d&#8217;altre documentaci\u00f3 contractual, aix\u00ed com el control de pagament de les factures.<\/li>\n<li>\u00a0Revisi\u00f3 i valoraci\u00f3 de la informaci\u00f3 i\/o documentaci\u00f3 proporcionoda amb l&#8217;objectiu de participar en un proc\u00e9s de selecci\u00f3. En cas que fos d&#8217;inter\u00e9s de CALS AVIS, es posara en contacte amb l&#8217;interessat amb la intenci\u00f3 de valorar la seva candidatura. El curr\u00edculum es podra conservar durant un per\u00edode d&#8217;1 any des de la seva recepci\u00f3 amb aquesta finalitat.<\/li>\n<\/ul>\n<p>El tractament de les dades personals segons la finalitat esmentada \u00e9s necessari per poder aplicar les mesures pre\u00adcontractuals sol\u00b7licitades i per poder subscriure i executar el contracte entre CALS AVIS i els seus usuaris i\/o proveidors.<\/p>\n<p>Finalment, la base jur\u00eddica del tractament de les dades personals sera l&#8217;interes legitim del responsable del tractament, en cas d&#8217;haver estat prestat per les finalitats seg\u00fcents:<\/p>\n<ul>\n<li>Consulta i, en el seu cas, investigaci\u00f3 i resposta dels missatges rebuts. L&#8217;inter\u00e9s leg\u00edtim es basa en la voluntat del responsable del tractament de respondre les persones que s&#8217;han posat en contacte amb la fundaci\u00f3.<\/li>\n<li>Manteniment de la relaci\u00f3 contractual amb l&#8217;interessat o b\u00e9 amb l&#8217;empresa o organitzoci\u00f3 en la qu\u00e9 treballa<br \/>\no col\u00b7lobora. L&#8217;interes leg\u00edtim del responsable del tractament es traba reconegut per la normativa aplicable.<\/li>\n<li>Prevenci\u00f3, detecci\u00f3 i control d&#8217;abusos i fraus comesos a la pagina web o a trav\u00e9s de la mateixa. L&#8217;interes leg\u00edtim es basa en la voluntat del responsable del tractament de mantenir la pagina web com un lloe web segur.<\/li>\n<\/ul>\n<p><strong>5. DESTINATARIS<br \/>\n<\/strong><br \/>\nFUNDACI\u00d3 D&#8217;ANCIANS DE SANT FELIU DE TORELL\u00d3 no comunicara les dades personals a tercers, excepte en cas d&#8217;obligaci\u00f3 legal i a tercers subcontractats.<\/p>\n<p><strong>6. TERMINIS DE CONSERVACI\u00d3<br \/>\n<\/strong><br \/>\nLes dades personals es conservaran durant tot el compliment de les finalitats de tractament indicades i, fins i tot posteriorment, durant tot el per\u00edode de temps que poguessin exigir-se responsabilitats al responsable del tractament segons estipula la llei aplicable, procedint, si escau, al bloqueig de les dades fins que hagi transcorregut el termini de prescripci\u00f3 corresponent.<\/p>\n<p><strong>7. DRETS DELS USUAR\/S<br \/>\n<\/strong><br \/>\nL&#8217;informem que en qualsevol moment pot exercir els drets d&#8217;acc\u00e9s, rectificaci\u00f3, supressi\u00f3, limitaci\u00f3, oposici\u00f3 i portabilitat respecte a les seves dades de caracter personal previstes a la normativa en materia de protecci\u00f3 de dades, enviant un escrit al domicili postal Pujada de Rocaprevera, s\/n (08570) Torell\u00f3, Barcelona o b\u00e9 al correu electronic rgpd@calsavis.cat.<\/p>\n<p>En concret, pot exercir els drets que es desenvolupen a continuaci\u00f3:<\/p>\n<ul>\n<li>Accedir a les seves dades personals.<\/li>\n<li>Rectificar les dades inexactes o incompletes.<\/li>\n<li>Sol\u00b7licitar la supressi\u00f3 de les seves dades quan, entre a\/tres motius, les dades jo no siguin necess\u00f3ries per les ftna\/itats per a les quals van ser recollides.<\/li>\n<li>Exercir la limitaci\u00f3 del tractament de les dades quan es compleixi alguna de les condicions previstes en la normativa de protecci\u00f3 de dades.<\/li>\n<li>En determinades circumstancies i per motius relacionats amb la seva situaci\u00f3 particular respecte al tractament de les seves dades, els interessats podran oposar-se al tractament. En aquests casos, CALS AVIS deixar\u00e1 de tractar les dades, excepte per mot1us leg\u00edtims impenosos, o l&#8217;exercici o la defensa de possibles reclamacions.<\/li>\n<li>Obtenir intervenci\u00f3 humana, a expressar el seu punt de vista i a impugnar les decisions automatitzades adoptades per part de CALS AVIS, si s&#8217;escau.<\/li>\n<li>Sol\u00b7licitar la portabilitat de les seves dades.<\/li>\n<\/ul>\n<p>En cas de disconformitat en relaci\u00f3 a la tramitaci\u00f3 de les seves dades pot presentar una reclamaci\u00f3 davant l&#8217;Agencia Espanyola de Protecci\u00f3 de Dades (www.aepd.es).<\/p>\n","protected":false},"excerpt":{"rendered":"<p>Data d&#8217;\u00faltima actualitzaci\u00f3 24 de setembre de 2025. 1. RESPONSABLE DEL TRACTAMENT La present pol\u00edtica de privacitat regula el tractament de dades personals que es realitza per: FUNDACI\u00d3 D&#8217;ANCIANS DE&hellip;<\/p>\n","protected":false},"author":1,"featured_media":0,"parent":0,"menu_order":0,"comment_status":"closed","ping_status":"closed","template":"template-fullwidth.php","meta":{"footnotes":""},"class_list":["post-360","page","type-page","status-publish","hentry","no-post-thumbnail"],"_links":{"self":[{"href":"http:\/\/www.calsavis.cat\/index.php\/wp-json\/wp\/v2\/pages\/360","targetHints":{"allow":["GET"]}}],"collection":[{"href":"http:\/\/www.calsavis.cat\/index.php\/wp-json\/wp\/v2\/pages"}],"about":[{"href":"http:\/\/www.calsavis.cat\/index.php\/wp-json\/wp\/v2\/types\/page"}],"author":[{"embeddable":true,"href":"http:\/\/www.calsavis.cat\/index.php\/wp-json\/wp\/v2\/users\/1"}],"replies":[{"embeddable":true,"href":"http:\/\/www.calsavis.cat\/index.php\/wp-json\/wp\/v2\/comments?post=360"}],"version-history":[{"count":11,"href":"http:\/\/www.calsavis.cat\/index.php\/wp-json\/wp\/v2\/pages\/360\/revisions"}],"predecessor-version":[{"id":2113,"href":"http:\/\/www.calsavis.cat\/index.php\/wp-json\/wp\/v2\/pages\/360\/revisions\/2113"}],"wp:attachment":[{"href":"http:\/\/www.calsavis.cat\/index.php\/wp-json\/wp\/v2\/media?parent=360"}],"curies":[{"name":"wp","href":"https:\/\/api.w.org\/{rel}","templated":true}]}}