{"id":2109,"date":"2026-03-09T11:08:47","date_gmt":"2026-03-09T09:08:47","guid":{"rendered":"https:\/\/www.calsavis.cat\/?page_id=2109"},"modified":"2026-03-09T11:26:14","modified_gmt":"2026-03-09T09:26:14","slug":"politica-de-compliment","status":"publish","type":"page","link":"http:\/\/www.calsavis.cat\/index.php\/politica-de-compliment\/","title":{"rendered":"Pol\u00edtica de compliment"},"content":{"rendered":"<p><strong>I.- SISTEMA INTERN D\u2019INFORMACI\u00d3<\/p>\n<p><\/strong><\/p>\n<p>En compliment de la Llei 2\/2023, de 20 de febrer, reguladora de la protecci\u00f3 de les persones que informin sobre infraccions normatives i de lluita contra la corrupci\u00f3, (en endavant, la \u201cLlei 2\/2023\u201d) FUNDACI\u00d3 D\u2019ANCIANS DE SANT FELIU DE TORELL\u00d3 fa constar que compta amb un Sistema Intern d\u00b4Informaci\u00f3, essent-ne la fundaci\u00f3 la responsable del tractament de les dades personals de conformitat amb el que disposa la legislaci\u00f3 vigent en aquest \u00e0mbit.<\/p>\n<p>Amb la finalitat d\u2019enfortir la cultura de la informaci\u00f3 i de les infraestructures d\u2019integritat de la mencionada fundaci\u00f3 , i de fomentar la cultura de la comunicaci\u00f3 com a mecanisme de prevenci\u00f3 d\u2019accions o omissions que puguin ser constitutives d\u2019infraccions laborals en mat\u00e8ria de seguretat i salut, penals o administratives greus o molt greus i contra el dret de la UE, la fundaci\u00f3 compta amb una persona Responsable de Compliment Penal (RCP), qui ha estat nombrada persona responsable del sistema Intern d\u2019Informaci\u00f3 (RSIIF).<\/p>\n<p>Les referides informacions poden fer-se arribar per qualsevol dels seg\u00fcents mitjans:<\/p>\n<ul>\n<li>Correu ordinari a l\u2019adre\u00e7a: Pujada Rocaprevera, s\/n, 08570, Torell\u00f3, a l\u2019atenci\u00f3 de la persona RCP\/RSIIF.<\/li>\n<li>Correu electr\u00f2nic: <a href=\"mailto:compliance1@calsavis.cat\">compliance1@calsavis.cat<\/a><\/li>\n<li>Mitjan\u00e7ant escrit lliurat a la persona RCP\/RSIIF en el termini de set dies.<\/li>\n<\/ul>\n<p>Les informacions verbals recollides a trav\u00e9s reuni\u00f3 presencial amb la persona RCP\/RSIIF, hauran de documentar-se d\u2019alguna de les maneres seg\u00fcents, previ consentiment de la persona informant:<\/p>\n<ol>\n<li>mitjan\u00e7ant una gravaci\u00f3 de la conversa en un format segur, durador i accessible, o<\/li>\n<\/ol>\n<p><em>(*) S&#8217;advertir\u00e0 a la persona informant que la comunicaci\u00f3 ser\u00e0 gravada i se l&#8217;informar\u00e0 del tractament de les seves dades d&#8217;acord amb el que estableix el Reglament (UE) 2016\/679 del Parlament Europeu i del Consell, de 27 d&#8217;abril de 2016 (RGPD o Reglament General de Protecci\u00f3 de Dades).<\/em><\/p>\n<ol>\n<li>a trav\u00e9s d\u2019una transcripci\u00f3 completa i exacta de la conversa realitzada pel personal responsable de tractar-la.<\/li>\n<\/ol>\n<p><em>(*) Sens perjudici dels drets que li corresponen d\u2019acord amb la normativa sobre protecci\u00f3 de dades, s\u2019oferir\u00e0 a la persona informant l&#8217;oportunitat de comprovar, rectificar i acceptar mitjan\u00e7ant la seva signatura la transcripci\u00f3 de la conversa.<\/em><\/p>\n<p><em>\u00a0<\/em><\/p>\n<p>El Sistema Intern d\u2019Informaci\u00f3 de la fundaci\u00f3 compleix amb els requisits de l\u2019article 5.2 de la Llei 2\/2023:<\/p>\n<p>a).- Permet que les persones a les quals aplica la Llei 2\/2023 puguin comunicar informacions, per diversos mitjans, sobre les infraccions previstes al seu article 2.<\/p>\n<p>b).- Es gestiona de forma segura, garantint que les comunicacions puguin tractar-se de forma efectiva dins la fundaci\u00f3, aix\u00ed com la confidencialitat de la identitat de la persona informant i de qualsevol tercera persona mencionada a la comunicaci\u00f3 i de les actuacions que es desenvolupin en la gesti\u00f3 i tramitaci\u00f3 de la mateixa, aix\u00ed com la protecci\u00f3 de dades, impedint l\u2019acc\u00e9s de personal no autoritzat.<\/p>\n<p>c).- Compta amb un Protocol de sistema Intern d\u2019Informaci\u00f3, d\u2019\u00fas del Canal Intern d\u2019Informaci\u00f3 i d\u2019actuaci\u00f3 de la persona Responsable de compliment Penal i del Sistema Intern d\u2019Informaci\u00f3, que estableix garanties per la protecci\u00f3 de les persones informants:<\/p>\n<ul>\n<li>Justificant de recepci\u00f3 en el termini de set dies naturals seg\u00fcents a la recepci\u00f3 de la informaci\u00f3.<\/li>\n<li>Termini m\u00e0xim de tres mesos per donar resposta a les actuacions de la investigaci\u00f3, en els termes de l\u2019article 9 de la Llei 2\/2023, complimentant i custodiant de forma diligent un Llibre-Registre d\u2019Informacions.<\/li>\n<li>Possibilitat de mantenir la comunicaci\u00f3 amb la persona informant.<\/li>\n<li>Establiment del dret de la persona afectada a que se l\u2019informi de les accions o omissions que se li atribueixen i a ser escoltada.<\/li>\n<li>Garantia de confidencialitat quan la comunicaci\u00f3 sigui remesa per canals de den\u00fancia que no siguin els establerts o a personal no responsable del seu tractament, aix\u00ed com l\u2019obligaci\u00f3 de que la persona que la rebi, la remeti immediatament a la persona Responsable del Sistema.<\/li>\n<li>Respecte a la presumpci\u00f3 d\u2019innoc\u00e8ncia i a l\u2019honor de les persones afectades.<\/li>\n<li>Respecte a les disposicions sobre Protecci\u00f3 de Dades (T\u00edtol VI de la Llei 2\/2023).<\/li>\n<li>Comprom\u00eds de remissi\u00f3 de la informaci\u00f3 la Ministeri Fiscal amb car\u00e0cter immediat, quan els fets poguessin ser indici\u00e0riament constitutius de delicte.<\/li>\n<\/ul>\n<p>&nbsp;<\/p>\n<p><strong>II.- TRACTAMENT DE DADES PERSONALS. <\/strong><\/p>\n<p>FUNDACI\u00d3 D\u2019ANCIANS DE SANT FELIU DE TORELL\u00d3 tractar\u00e0, com a responsable del tractament, les dades personals incloses en les comunicacions que es rebin i quedin emparades per la Llei 2\/2023, amb la finalitat de poder gestionar-les i iniciar, si s&#8217;escau, el procediment d&#8217;investigaci\u00f3 corresponent i adoptar les mesures correctores que, en el seu cas, procedeixin.<\/p>\n<p>La base jur\u00eddica del tractament ser\u00e0 el compliment de les obligacions imposades per la Llei 2\/2023. Si la comunicaci\u00f3 cont\u00e9 dades de car\u00e0cter especial, aquestes nom\u00e9s es tractaran quan resulti estrictament necessari per l\u2019adopci\u00f3 de mesures correctores i\/o l\u2019inici del procediment d\u2019investigaci\u00f3 corresponent i\/o la tramitaci\u00f3 dels procediments sancionadors o penals que, en el seu cas, procedeixin, de conformitat amb la legislaci\u00f3 vigent, i en aquests casos, la base jur\u00eddica ser\u00e0 l&#8217;inter\u00e8s p\u00fablic essencial. El tractament de les dades personals ser\u00e0 indispensable, quan sense ells no e puguin complir els objectius i les obligacions que estipula la Llei 2\/2023.<\/p>\n<p>Les dades personals podran ser tractades pel personal autoritzat per a aquest fi \u00fanicament quan resulti necessari per a la investigaci\u00f3 d\u2019infraccions en l\u2019\u00e0mbit del Dret de la Uni\u00f3 Europea, infraccions penals o administratives greus o molt greus, aix\u00ed com infraccions laborals en l\u2019\u00e0mbit de la seguretat i la salut al treball, per l&#8217;adopci\u00f3 de mesures correctores o b\u00e9 per la tramitaci\u00f3 dels procediments sancionadors o penals que, en el seu cas, procedeixin.<\/p>\n<p>Aix\u00ed mateix, les dades personals podran ser comunicades a tercers en cas d\u2019obligaci\u00f3 legal, i podran ser comunicades a l\u2019autoritat judicial, al Ministeri Fiscal o a l\u2019autoritat administrativa competents en el marc de la mencionada investigaci\u00f3.<\/p>\n<p>Les dades personals es conservaran el temps imprescindible per decidir sobre la proced\u00e8ncia d\u2019iniciar una investigaci\u00f3 sobre les dades informades. En cas de que fos oport\u00fa adoptar mesures correctores, les dades es conservaran durant tot el temps que duri l\u2019aplicaci\u00f3 d\u2019aquestes mesures. Per altra banda, en el sup\u00f2sit que fos necessari iniciar la tramitaci\u00f3 de procediments sancionadors o penals, les dades es conservaran durant tot el temps que duri el procediment sancionador o penal.<\/p>\n<p>En tot cas, si la decisi\u00f3 sobre la proced\u00e8ncia d\u2019iniciar una investigaci\u00f3 sobre els fets informats no s\u2019adopt\u00e9s en el termini de tres mesos, les dades personals contingudes en la comunicaci\u00f3 es suprimiran, a excepci\u00f3 d\u2019aquelles dades que sigui estrictament necessari que es conservin bloquejades per mantenir evid\u00e8ncia del funcionament del SII de conformitat amb la Llei 2\/2023.<\/p>\n<p>Tamb\u00e9 seran suprimides aquelles dades personals que revelin conductes que no estan incloses en l\u2019\u00e0mbit d\u2019aplicaci\u00f3 de la Llei 2\/2023, aix\u00ed om aquelles dades personals no considerades veraces, a excepci\u00f3 que aquesta falta de veracitat pugui constituir un il\u00b7l\u00edcit penal, cas en el qual es guardar\u00e0 la informaci\u00f3 pel temps necessari durant el qual es tramiti el procediment judicial.<\/p>\n<p>Finalment, es fa constar que en qualsevol moment la persona comunicant podr\u00e0 sol\u00b7licitar al responsable del tractament, l&#8217;acc\u00e9s a les seves dades personals, la seva rectificaci\u00f3 o supressi\u00f3, o la limitaci\u00f3 del seu tractament, o a oposar-s&#8217;hi, aix\u00ed com el dret a la portabilitat de les dades, enviant un escrit al correu postal a Pujada Rocaprevera s\/n, Torell\u00f3 (08570) o al correu electr\u00f2nic <a href=\"mailto:rgpd@calsavis.cat\">rgpd@calsavis.cat<\/a> \u00a0En cas de disconformitat amb el tractament de les seves dades, podr\u00e0 presentar una reclamaci\u00f3 davant l&#8217;Ag\u00e8ncia Espanyola de Protecci\u00f3 de Dades, organisme que ostenta l&#8217;autoritat de control en la mat\u00e8ria, ubicada al C\/ Jorge Juan, 6 (28001) Madrid (www.aepd.es).<\/p>\n<p>&nbsp;<\/p>\n<p><strong>III.- NO REPRES\u00c0LIA.\u00a0 <\/strong><\/p>\n<p>FUNDACI\u00d3 D\u2019ANCIANS DE SANT FELIU DE TORELL\u00d3 es compromet expressament a no portar a terme actes constitutius de repres\u00e0lia, incloses amenaces o temptatives de repres\u00e0lia contra les persones que presentin una comunicaci\u00f3 conforme al previst a la Llei 2\/2023, i a aplicar mesures de protecci\u00f3 durant la tramitaci\u00f3 d\u2019un expedient, respecte de les persones afectades per una possible comunicaci\u00f3.<\/p>\n<p>&nbsp;<\/p>\n<p><strong>IV.- EXEMPCI\u00d3 I ATENUACI\u00d3 DE LA SANCI\u00d3.<\/strong><\/p>\n<p>Quan una persona que hagu\u00e9s participat en la comissi\u00f3 de la infracci\u00f3 administrativa objecte de la informaci\u00f3 sigui la que informi de la seva exist\u00e8ncia mitjan\u00e7ant la presentaci\u00f3 de la informaci\u00f3 i sempre que aquesta hagu\u00e9s estat presentada amb anterioritat a que hagu\u00e9s estat notificada la incoaci\u00f3 del procediment per resoldre el procediment, mitjan\u00e7ant resoluci\u00f3 motivada, podr\u00e0 eximir-lo del compliment de la sanci\u00f3 administrativa que l\u2019hi correspongu\u00e9s sempre que resultin acreditats els extrems mencionats en l\u2019article 40 de la Llei 2\/2023.<\/p>\n<p><em>\u00a0<\/em><\/p>\n<p><em>\u00a0<\/em><\/p>\n<p><em>(*) El Canal Intern d\u2019Informaci\u00f3 permet la presentaci\u00f3 de comunicacions an\u00f2nimes. <\/em><\/p>\n<p><em>(**) Si b\u00e9, sempre que sigui possible, el Canal Intern d\u2019Informaci\u00f3 ser\u00e0 la via de comunicaci\u00f3 preferent, les comunicacions emparades per la Llei 2\/2023 podran remetre\u2019s en el seu cas, quan l\u2019objecte i gravetat de la situaci\u00f3 aix\u00ed ho requereixi i la persona informant ho cregui oport\u00fa, a l<\/em><em>&#8216;Autoritat Independent de Protecci\u00f3 de l&#8217;Informant (Oficina Antifrau de Catalunya en l\u2019\u00e0mbit de la CA de Catalunya), al Ministeri Fiscal, a la Fiscalia Europea, o a l\u00b4\u00f2rgan o autoritat pertinent segons correspongui. <\/em><\/p>\n<p>&nbsp;<\/p>\n","protected":false},"excerpt":{"rendered":"<p>I.- SISTEMA INTERN D\u2019INFORMACI\u00d3 En compliment de la Llei 2\/2023, de 20 de febrer, reguladora de la protecci\u00f3 de les persones que informin sobre infraccions normatives i de lluita contra&hellip;<\/p>\n","protected":false},"author":1,"featured_media":0,"parent":0,"menu_order":0,"comment_status":"closed","ping_status":"closed","template":"template-fullwidth.php","meta":{"footnotes":""},"class_list":["post-2109","page","type-page","status-publish","hentry","no-post-thumbnail"],"_links":{"self":[{"href":"http:\/\/www.calsavis.cat\/index.php\/wp-json\/wp\/v2\/pages\/2109","targetHints":{"allow":["GET"]}}],"collection":[{"href":"http:\/\/www.calsavis.cat\/index.php\/wp-json\/wp\/v2\/pages"}],"about":[{"href":"http:\/\/www.calsavis.cat\/index.php\/wp-json\/wp\/v2\/types\/page"}],"author":[{"embeddable":true,"href":"http:\/\/www.calsavis.cat\/index.php\/wp-json\/wp\/v2\/users\/1"}],"replies":[{"embeddable":true,"href":"http:\/\/www.calsavis.cat\/index.php\/wp-json\/wp\/v2\/comments?post=2109"}],"version-history":[{"count":8,"href":"http:\/\/www.calsavis.cat\/index.php\/wp-json\/wp\/v2\/pages\/2109\/revisions"}],"predecessor-version":[{"id":2122,"href":"http:\/\/www.calsavis.cat\/index.php\/wp-json\/wp\/v2\/pages\/2109\/revisions\/2122"}],"wp:attachment":[{"href":"http:\/\/www.calsavis.cat\/index.php\/wp-json\/wp\/v2\/media?parent=2109"}],"curies":[{"name":"wp","href":"https:\/\/api.w.org\/{rel}","templated":true}]}}